{"id":440,"date":"2024-01-23T15:09:55","date_gmt":"2024-01-23T15:09:55","guid":{"rendered":"https:\/\/lesgalettesderiz.fr\/?page_id=440"},"modified":"2025-09-11T17:09:50","modified_gmt":"2025-09-11T17:09:50","slug":"blancblanc","status":"publish","type":"page","link":"https:\/\/lesgalettesderiz.fr\/index.php\/blancblanc\/","title":{"rendered":"BlancBlanc"},"content":{"rendered":"\t\t<div data-elementor-type=\"wp-page\" data-elementor-id=\"440\" class=\"elementor elementor-440\">\n\t\t\t\t<div class=\"elementor-element elementor-element-7b60a88 e-flex e-con-boxed e-con e-parent\" data-id=\"7b60a88\" data-element_type=\"container\" data-settings=\"{&quot;background_background&quot;:&quot;classic&quot;}\">\n\t\t\t\t\t<div class=\"e-con-inner\">\n\t\t\t\t<div class=\"elementor-element elementor-element-e1e0081 elementor-widget elementor-widget-heading\" data-id=\"e1e0081\" data-element_type=\"widget\" data-widget_type=\"heading.default\">\n\t\t\t\t<div class=\"elementor-widget-container\">\n\t\t\t<h2 class=\"elementor-heading-title elementor-size-medium\">Blanc Blanc<\/h2>\t\t<\/div>\n\t\t\t\t<\/div>\n\t\t\t\t<div class=\"elementor-element elementor-element-a612b87 elementor-widget elementor-widget-heading\" data-id=\"a612b87\" data-element_type=\"widget\" data-widget_type=\"heading.default\">\n\t\t\t\t<div class=\"elementor-widget-container\">\n\t\t\t<h2 class=\"elementor-heading-title elementor-size-default\">Spectacle tout public - dur\u00e9e : environs 50 minutes<\/h2>\t\t<\/div>\n\t\t\t\t<\/div>\n\t\t\t\t<div class=\"elementor-element elementor-element-aaf0cea elementor-widget elementor-widget-text-editor\" data-id=\"aaf0cea\" data-element_type=\"widget\" data-widget_type=\"text-editor.default\">\n\t\t\t\t<div class=\"elementor-widget-container\">\n\t\t\t\t\t\t\t<p>Les Galettes de Riz reviennent avec une nouvelle cr\u00e9ation, o\u00f9 la musique peut-\u00eatre un sport et le sport peut \u00eatre musical.<\/p><p>Comme ils savent le faire ces deux clowns s\u2019investissent, dans la joie et la bonne humeur, dans l\u2019\u00e9laboration d\u2019un concert tr\u00e8s sp\u00e9cifique.<\/p><p>C\u2019est avec conviction qu\u2019ils se renvoient la balle et surtout avec espi\u00e8glerie qu\u2019ils participent aux jeux, comme les clowns aiment le faire.<\/p><p>\u00a0<\/p><p>Ils veulent vous \u00e9pater, vous s\u00e9duire et vous ravir\u00a0!<\/p>\t\t\t\t\t\t<\/div>\n\t\t\t\t<\/div>\n\t\t\t\t\t<\/div>\n\t\t\t\t<\/div>\n\t\t<div class=\"elementor-element elementor-element-4b2622e e-flex e-con-boxed e-con e-parent\" data-id=\"4b2622e\" data-element_type=\"container\" data-settings=\"{&quot;background_background&quot;:&quot;classic&quot;}\">\n\t\t\t\t\t<div class=\"e-con-inner\">\n\t\t\t\t<div class=\"elementor-element elementor-element-13c0d58 animated-slow elementor-invisible elementor-widget elementor-widget-wp-widget-media_gallery\" data-id=\"13c0d58\" data-element_type=\"widget\" data-settings=\"{&quot;_animation&quot;:&quot;rollIn&quot;,&quot;_animation_delay&quot;:1900}\" data-widget_type=\"wp-widget-media_gallery.default\">\n\t\t\t\t<div class=\"elementor-widget-container\">\n\t\t\t<div id='gallery-1' class='gallery galleryid-440 gallery-columns-4 gallery-size-medium'><figure class='gallery-item'>\n\t\t\t<div class='gallery-icon portrait'>\n\t\t\t\t<img fetchpriority=\"high\" decoding=\"async\" width=\"251\" height=\"300\" src=\"https:\/\/lesgalettesderiz.fr\/wp-content\/uploads\/2024\/01\/IMG_2283-251x300.jpg\" class=\"attachment-medium size-medium\" alt=\"\" srcset=\"https:\/\/lesgalettesderiz.fr\/wp-content\/uploads\/2024\/01\/IMG_2283-251x300.jpg 251w, https:\/\/lesgalettesderiz.fr\/wp-content\/uploads\/2024\/01\/IMG_2283.jpg 536w\" sizes=\"(max-width: 251px) 100vw, 251px\" \/>\n\t\t\t<\/div><\/figure><figure class='gallery-item'>\n\t\t\t<div class='gallery-icon portrait'>\n\t\t\t\t<img decoding=\"async\" width=\"211\" height=\"300\" src=\"https:\/\/lesgalettesderiz.fr\/wp-content\/uploads\/2024\/01\/IMG_2263-211x300.jpg\" class=\"attachment-medium size-medium\" alt=\"\" srcset=\"https:\/\/lesgalettesderiz.fr\/wp-content\/uploads\/2024\/01\/IMG_2263-211x300.jpg 211w, https:\/\/lesgalettesderiz.fr\/wp-content\/uploads\/2024\/01\/IMG_2263.jpg 450w\" sizes=\"(max-width: 211px) 100vw, 211px\" \/>\n\t\t\t<\/div><\/figure><figure class='gallery-item'>\n\t\t\t<div class='gallery-icon portrait'>\n\t\t\t\t<img decoding=\"async\" width=\"225\" height=\"300\" src=\"https:\/\/lesgalettesderiz.fr\/wp-content\/uploads\/2024\/01\/IMG_2021-225x300.jpg\" class=\"attachment-medium size-medium\" alt=\"\" srcset=\"https:\/\/lesgalettesderiz.fr\/wp-content\/uploads\/2024\/01\/IMG_2021-225x300.jpg 225w, https:\/\/lesgalettesderiz.fr\/wp-content\/uploads\/2024\/01\/IMG_2021.jpg 480w\" sizes=\"(max-width: 225px) 100vw, 225px\" \/>\n\t\t\t<\/div><\/figure><figure class='gallery-item'>\n\t\t\t<div class='gallery-icon portrait'>\n\t\t\t\t<img loading=\"lazy\" decoding=\"async\" width=\"225\" height=\"300\" src=\"https:\/\/lesgalettesderiz.fr\/wp-content\/uploads\/2024\/01\/IMG_2232-225x300.jpg\" class=\"attachment-medium size-medium\" alt=\"\" srcset=\"https:\/\/lesgalettesderiz.fr\/wp-content\/uploads\/2024\/01\/IMG_2232-225x300.jpg 225w, https:\/\/lesgalettesderiz.fr\/wp-content\/uploads\/2024\/01\/IMG_2232.jpg 480w\" sizes=\"(max-width: 225px) 100vw, 225px\" \/>\n\t\t\t<\/div><\/figure><figure class='gallery-item'>\n\t\t\t<div class='gallery-icon landscape'>\n\t\t\t\t<img loading=\"lazy\" decoding=\"async\" width=\"300\" height=\"225\" src=\"https:\/\/lesgalettesderiz.fr\/wp-content\/uploads\/2024\/01\/IMG_2354-300x225.jpg\" class=\"attachment-medium size-medium\" alt=\"\" srcset=\"https:\/\/lesgalettesderiz.fr\/wp-content\/uploads\/2024\/01\/IMG_2354-300x225.jpg 300w, https:\/\/lesgalettesderiz.fr\/wp-content\/uploads\/2024\/01\/IMG_2354.jpg 640w\" sizes=\"(max-width: 300px) 100vw, 300px\" \/>\n\t\t\t<\/div><\/figure><figure class='gallery-item'>\n\t\t\t<div class='gallery-icon landscape'>\n\t\t\t\t<img loading=\"lazy\" decoding=\"async\" width=\"300\" height=\"225\" src=\"https:\/\/lesgalettesderiz.fr\/wp-content\/uploads\/2024\/01\/IMG_2215-300x225.jpg\" class=\"attachment-medium size-medium\" alt=\"\" srcset=\"https:\/\/lesgalettesderiz.fr\/wp-content\/uploads\/2024\/01\/IMG_2215-300x225.jpg 300w, https:\/\/lesgalettesderiz.fr\/wp-content\/uploads\/2024\/01\/IMG_2215.jpg 640w\" sizes=\"(max-width: 300px) 100vw, 300px\" \/>\n\t\t\t<\/div><\/figure><figure class='gallery-item'>\n\t\t\t<div class='gallery-icon landscape'>\n\t\t\t\t<img loading=\"lazy\" decoding=\"async\" width=\"300\" height=\"225\" src=\"https:\/\/lesgalettesderiz.fr\/wp-content\/uploads\/2024\/01\/IMG_2137-300x225.jpg\" class=\"attachment-medium size-medium\" alt=\"\" srcset=\"https:\/\/lesgalettesderiz.fr\/wp-content\/uploads\/2024\/01\/IMG_2137-300x225.jpg 300w, https:\/\/lesgalettesderiz.fr\/wp-content\/uploads\/2024\/01\/IMG_2137.jpg 640w\" sizes=\"(max-width: 300px) 100vw, 300px\" \/>\n\t\t\t<\/div><\/figure><figure class='gallery-item'>\n\t\t\t<div class='gallery-icon landscape'>\n\t\t\t\t<img loading=\"lazy\" decoding=\"async\" width=\"300\" height=\"225\" src=\"https:\/\/lesgalettesderiz.fr\/wp-content\/uploads\/2024\/01\/IMG_2114-300x225.jpg\" class=\"attachment-medium size-medium\" alt=\"\" srcset=\"https:\/\/lesgalettesderiz.fr\/wp-content\/uploads\/2024\/01\/IMG_2114-300x225.jpg 300w, https:\/\/lesgalettesderiz.fr\/wp-content\/uploads\/2024\/01\/IMG_2114.jpg 640w\" sizes=\"(max-width: 300px) 100vw, 300px\" \/>\n\t\t\t<\/div><\/figure><figure class='gallery-item'>\n\t\t\t<div class='gallery-icon landscape'>\n\t\t\t\t<img loading=\"lazy\" decoding=\"async\" width=\"300\" height=\"225\" src=\"https:\/\/lesgalettesderiz.fr\/wp-content\/uploads\/2024\/01\/IMG_2292-300x225.jpg\" class=\"attachment-medium size-medium\" alt=\"\" srcset=\"https:\/\/lesgalettesderiz.fr\/wp-content\/uploads\/2024\/01\/IMG_2292-300x225.jpg 300w, https:\/\/lesgalettesderiz.fr\/wp-content\/uploads\/2024\/01\/IMG_2292.jpg 640w\" sizes=\"(max-width: 300px) 100vw, 300px\" \/>\n\t\t\t<\/div><\/figure><figure class='gallery-item'>\n\t\t\t<div class='gallery-icon landscape'>\n\t\t\t\t<img loading=\"lazy\" decoding=\"async\" width=\"300\" height=\"225\" src=\"https:\/\/lesgalettesderiz.fr\/wp-content\/uploads\/2024\/01\/IMG_2143-300x225.jpg\" class=\"attachment-medium size-medium\" alt=\"\" srcset=\"https:\/\/lesgalettesderiz.fr\/wp-content\/uploads\/2024\/01\/IMG_2143-300x225.jpg 300w, https:\/\/lesgalettesderiz.fr\/wp-content\/uploads\/2024\/01\/IMG_2143.jpg 640w\" sizes=\"(max-width: 300px) 100vw, 300px\" \/>\n\t\t\t<\/div><\/figure><figure class='gallery-item'>\n\t\t\t<div class='gallery-icon landscape'>\n\t\t\t\t<img loading=\"lazy\" decoding=\"async\" width=\"300\" height=\"258\" src=\"https:\/\/lesgalettesderiz.fr\/wp-content\/uploads\/2024\/01\/IMG_2340-300x258.jpg\" class=\"attachment-medium size-medium\" alt=\"\" srcset=\"https:\/\/lesgalettesderiz.fr\/wp-content\/uploads\/2024\/01\/IMG_2340-300x258.jpg 300w, https:\/\/lesgalettesderiz.fr\/wp-content\/uploads\/2024\/01\/IMG_2340.jpg 640w\" sizes=\"(max-width: 300px) 100vw, 300px\" \/>\n\t\t\t<\/div><\/figure><figure class='gallery-item'>\n\t\t\t<div class='gallery-icon landscape'>\n\t\t\t\t<img loading=\"lazy\" decoding=\"async\" width=\"300\" height=\"276\" src=\"https:\/\/lesgalettesderiz.fr\/wp-content\/uploads\/2024\/01\/IMG_2038-300x276.jpg\" class=\"attachment-medium size-medium\" alt=\"\" srcset=\"https:\/\/lesgalettesderiz.fr\/wp-content\/uploads\/2024\/01\/IMG_2038-300x276.jpg 300w, https:\/\/lesgalettesderiz.fr\/wp-content\/uploads\/2024\/01\/IMG_2038.jpg 640w\" sizes=\"(max-width: 300px) 100vw, 300px\" \/>\n\t\t\t<\/div><\/figure>\n\t\t<\/div>\n\t\t<\/div>\n\t\t\t\t<\/div>\n\t\t\t\t\t<\/div>\n\t\t\t\t<\/div>\n\t\t\t\t<\/div>\n\t\t","protected":false},"excerpt":{"rendered":"<p>Blanc Blanc Spectacle tout public &#8211; dur\u00e9e : environs 50 minutes Les Galettes de Riz reviennent avec une nouvelle cr\u00e9ation, o\u00f9 la musique peut-\u00eatre un sport et le sport peut \u00eatre musical. Comme ils savent le faire ces deux clowns s\u2019investissent, dans la joie et la bonne humeur, dans l\u2019\u00e9laboration d\u2019un concert tr\u00e8s sp\u00e9cifique. C\u2019est [&hellip;]<\/p>\n","protected":false},"author":1,"featured_media":0,"parent":0,"menu_order":0,"comment_status":"closed","ping_status":"closed","template":"elementor_header_footer","meta":{"footnotes":""},"class_list":["post-440","page","type-page","status-publish","hentry","entry"],"_links":{"self":[{"href":"https:\/\/lesgalettesderiz.fr\/index.php\/wp-json\/wp\/v2\/pages\/440"}],"collection":[{"href":"https:\/\/lesgalettesderiz.fr\/index.php\/wp-json\/wp\/v2\/pages"}],"about":[{"href":"https:\/\/lesgalettesderiz.fr\/index.php\/wp-json\/wp\/v2\/types\/page"}],"author":[{"embeddable":true,"href":"https:\/\/lesgalettesderiz.fr\/index.php\/wp-json\/wp\/v2\/users\/1"}],"replies":[{"embeddable":true,"href":"https:\/\/lesgalettesderiz.fr\/index.php\/wp-json\/wp\/v2\/comments?post=440"}],"version-history":[{"count":51,"href":"https:\/\/lesgalettesderiz.fr\/index.php\/wp-json\/wp\/v2\/pages\/440\/revisions"}],"predecessor-version":[{"id":765,"href":"https:\/\/lesgalettesderiz.fr\/index.php\/wp-json\/wp\/v2\/pages\/440\/revisions\/765"}],"wp:attachment":[{"href":"https:\/\/lesgalettesderiz.fr\/index.php\/wp-json\/wp\/v2\/media?parent=440"}],"curies":[{"name":"wp","href":"https:\/\/api.w.org\/{rel}","templated":true}]}}