{"id":162,"date":"2023-09-27T23:48:19","date_gmt":"2023-09-27T23:48:19","guid":{"rendered":"https:\/\/lesgalettesderiz.fr\/?page_id=162"},"modified":"2024-10-04T14:13:26","modified_gmt":"2024-10-04T14:13:26","slug":"fiche-technique","status":"publish","type":"page","link":"https:\/\/lesgalettesderiz.fr\/index.php\/fiche-technique\/","title":{"rendered":"Fiche technique"},"content":{"rendered":"\t\t<div data-elementor-type=\"wp-page\" data-elementor-id=\"162\" class=\"elementor elementor-162\">\n\t\t\t\t<div class=\"elementor-element elementor-element-cbc769a e-flex e-con-boxed e-con e-parent\" data-id=\"cbc769a\" data-element_type=\"container\" data-settings=\"{&quot;background_background&quot;:&quot;classic&quot;}\">\n\t\t\t\t\t<div class=\"e-con-inner\">\n\t\t<div class=\"elementor-element elementor-element-f1e8777 e-flex e-con-boxed e-con e-child\" data-id=\"f1e8777\" data-element_type=\"container\">\n\t\t\t\t\t<div class=\"e-con-inner\">\n\t\t\t\t<div class=\"elementor-element elementor-element-4a62ad8 elementor-widget elementor-widget-heading\" data-id=\"4a62ad8\" data-element_type=\"widget\" data-widget_type=\"heading.default\">\n\t\t\t\t<div class=\"elementor-widget-container\">\n\t\t\t<h2 class=\"elementor-heading-title elementor-size-default\">Fiche technique <\/h2>\t\t<\/div>\n\t\t\t\t<\/div>\n\t\t\t\t<div class=\"elementor-element elementor-element-49b94d9 elementor-widget elementor-widget-text-editor\" data-id=\"49b94d9\" data-element_type=\"widget\" data-widget_type=\"text-editor.default\">\n\t\t\t\t<div class=\"elementor-widget-container\">\n\t\t\t\t\t\t\t<p>\u00a0<\/p><p>Nos spectacles acoustiques peuvent se jouer dedans et dehors.<\/p><p>SON : Autonomie totale<\/p><p>LUMIERE : Adaptable selon le contexte<\/p><p><span style=\"text-decoration: underline;\"><strong>Petits Blancs<\/strong><\/span><\/p><p>Spectacle pour les tout petits (0-5 ans)<br \/>Dur\u00e9e : 25 minutes<br \/>Espace sc\u00e9nique : 4 x 3 m<\/p><p><span style=\"text-decoration: underline;\"><strong>Blancs<\/strong><\/span><\/p><p>Spectacle tout public<br \/>Dur\u00e9e : 50 minutes<br \/>Espace sc\u00e9nique : 6 x 4 m<br \/><a href=\"https:\/\/lesgalettesderiz.fr\/wp-content\/uploads\/2023\/09\/Les-Galettes-de-Riz_Fiche-technique_BLANCS.pdf\" target=\"_blank\" rel=\"noopener\">&gt;&gt; Fiche technique<\/a><br \/><a href=\"https:\/\/lesgalettesderiz.fr\/wp-content\/uploads\/2023\/09\/Les-Galettes-de-Riz_Plan-de-feu_BLANCS.pdf\" target=\"_blank\" rel=\"noopener\">&gt;&gt; Plan de feu<\/a><\/p><p><span style=\"text-decoration: underline;\"><strong>Spectacle d\u00e9ambulatoire adaptable<\/strong><\/span><\/p><p>Spectacle tout public<br \/>Contactez-nous pour vos \u00e9v\u00e9nements<\/p>\t\t\t\t\t\t<\/div>\n\t\t\t\t<\/div>\n\t\t\t\t\t<\/div>\n\t\t\t\t<\/div>\n\t\t\t\t\t<\/div>\n\t\t\t\t<\/div>\n\t\t\t\t<\/div>\n\t\t","protected":false},"excerpt":{"rendered":"<p>Fiche technique \u00a0 Nos spectacles acoustiques peuvent se jouer dedans et dehors. SON : Autonomie totale LUMIERE : Adaptable selon le contexte Petits Blancs Spectacle pour les tout petits (0-5 ans)Dur\u00e9e : 25 minutesEspace sc\u00e9nique : 4 x 3 m Blancs Spectacle tout publicDur\u00e9e : 50 minutesEspace sc\u00e9nique : 6 x 4 m&gt;&gt; Fiche technique&gt;&gt; [&hellip;]<\/p>\n","protected":false},"author":1,"featured_media":0,"parent":0,"menu_order":0,"comment_status":"closed","ping_status":"closed","template":"elementor_header_footer","meta":{"footnotes":""},"class_list":["post-162","page","type-page","status-publish","hentry","entry"],"_links":{"self":[{"href":"https:\/\/lesgalettesderiz.fr\/index.php\/wp-json\/wp\/v2\/pages\/162"}],"collection":[{"href":"https:\/\/lesgalettesderiz.fr\/index.php\/wp-json\/wp\/v2\/pages"}],"about":[{"href":"https:\/\/lesgalettesderiz.fr\/index.php\/wp-json\/wp\/v2\/types\/page"}],"author":[{"embeddable":true,"href":"https:\/\/lesgalettesderiz.fr\/index.php\/wp-json\/wp\/v2\/users\/1"}],"replies":[{"embeddable":true,"href":"https:\/\/lesgalettesderiz.fr\/index.php\/wp-json\/wp\/v2\/comments?post=162"}],"version-history":[{"count":37,"href":"https:\/\/lesgalettesderiz.fr\/index.php\/wp-json\/wp\/v2\/pages\/162\/revisions"}],"predecessor-version":[{"id":497,"href":"https:\/\/lesgalettesderiz.fr\/index.php\/wp-json\/wp\/v2\/pages\/162\/revisions\/497"}],"wp:attachment":[{"href":"https:\/\/lesgalettesderiz.fr\/index.php\/wp-json\/wp\/v2\/media?parent=162"}],"curies":[{"name":"wp","href":"https:\/\/api.w.org\/{rel}","templated":true}]}}